{"id":5,"date":"2012-04-24T12:30:26","date_gmt":"2012-04-24T12:30:26","guid":{"rendered":"http:\/\/www.gite-beaufortain.com\/gite\/?page_id=5"},"modified":"2012-04-25T12:56:51","modified_gmt":"2012-04-25T12:56:51","slug":"accueil","status":"publish","type":"page","link":"http:\/\/www.gite-beaufortain.com\/gite\/","title":{"rendered":"Accueil"},"content":{"rendered":"<blockquote><p>\u00ab\u00a0Un pas, une pierre, un chemin qui chemine&#8230;<br \/>\nUn reste de racine&#8230;\u00a0\u00bb<\/p><\/blockquote>\n<table style=\"margin-top: 30px padding-left:50px text-align:justify;\">\n<tbody>\n<tr>\n<td width=\"150\"><\/td>\n<td width=\"150\"><img class=\"alignnone size-medium wp-image-61\" title=\"Gi\u0302te-la-nuit\" src=\"http:\/\/www.gite-beaufortain.com\/gite\/wp-content\/uploads\/2012\/04\/Gi\u0302te-la-nuit-300x175.png\" alt=\"\" width=\"150\" srcset=\"http:\/\/www.gite-beaufortain.com\/gite\/wp-content\/uploads\/2012\/04\/Gi\u0302te-la-nuit-300x175.png 300w, http:\/\/www.gite-beaufortain.com\/gite\/wp-content\/uploads\/2012\/04\/Gi\u0302te-la-nuit-1024x599.png 1024w, http:\/\/www.gite-beaufortain.com\/gite\/wp-content\/uploads\/2012\/04\/Gi\u0302te-la-nuit.png 1179w\" sizes=\"(max-width: 300px) 100vw, 300px\" \/><\/td>\n<td width=\"10\"><\/td>\n<td style=\"text-align: justify;\" valign=\"top\" width=\"350\">A ceux qui passent par ici, la montagne chuchote des secrets, de souvenirs en d\u00e9couvertes, qu&rsquo;elle partage volontiers avec tous les amoureux de NATURE et de CULTURE.<\/td>\n<\/tr>\n<\/tbody>\n<\/table>\n<table style=\"padding-left: 50px text-align:justify;\">\n<tbody>\n<tr>\n<td width=\"150\"><\/td>\n<td style=\"text-align: justify;\" valign=\"top\" width=\"350\">L\u00e0, \u00e0 1000 m, dans un chalet chaleureux, au c\u0153ur d&rsquo;un hameau sympathique du Beaufortain riche de son patrimoine culturel, architectural et culinaire, Claire et S\u00e9bastien se feront un plaisir de vous accueillir pour une halte conviviale.<\/td>\n<td width=\"10\"><\/td>\n<td width=\"150\"><img class=\"alignnone size-full wp-image-55\" title=\"Claire-et-seb1\" src=\"http:\/\/www.gite-beaufortain.com\/gite\/wp-content\/uploads\/2012\/04\/Claire-et-seb1.png\" alt=\"\" width=\"150\" \/><\/td>\n<\/tr>\n<\/tbody>\n<\/table>\n","protected":false},"excerpt":{"rendered":"<p>\u00ab\u00a0Un pas, une pierre, un chemin qui chemine&#8230; Un reste de racine&#8230;\u00a0\u00bb A ceux qui passent par ici, la montagne chuchote des secrets, de souvenirs en d\u00e9couvertes, qu&rsquo;elle partage volontiers avec tous les amoureux de NATURE et de CULTURE. L\u00e0, \u00e0 1000 m, dans un chalet chaleureux, au c\u0153ur d&rsquo;un hameau sympathique du Beaufortain riche [&hellip;]<\/p>\n","protected":false},"author":1,"featured_media":0,"parent":0,"menu_order":0,"comment_status":"open","ping_status":"open","template":"","meta":[],"_links":{"self":[{"href":"http:\/\/www.gite-beaufortain.com\/gite\/wp-json\/wp\/v2\/pages\/5"}],"collection":[{"href":"http:\/\/www.gite-beaufortain.com\/gite\/wp-json\/wp\/v2\/pages"}],"about":[{"href":"http:\/\/www.gite-beaufortain.com\/gite\/wp-json\/wp\/v2\/types\/page"}],"author":[{"embeddable":true,"href":"http:\/\/www.gite-beaufortain.com\/gite\/wp-json\/wp\/v2\/users\/1"}],"replies":[{"embeddable":true,"href":"http:\/\/www.gite-beaufortain.com\/gite\/wp-json\/wp\/v2\/comments?post=5"}],"version-history":[{"count":40,"href":"http:\/\/www.gite-beaufortain.com\/gite\/wp-json\/wp\/v2\/pages\/5\/revisions"}],"predecessor-version":[{"id":32,"href":"http:\/\/www.gite-beaufortain.com\/gite\/wp-json\/wp\/v2\/pages\/5\/revisions\/32"}],"wp:attachment":[{"href":"http:\/\/www.gite-beaufortain.com\/gite\/wp-json\/wp\/v2\/media?parent=5"}],"curies":[{"name":"wp","href":"https:\/\/api.w.org\/{rel}","templated":true}]}}