{"id":20,"date":"2012-04-24T23:31:17","date_gmt":"2012-04-24T23:31:17","guid":{"rendered":"http:\/\/www.gite-beaufortain.com\/gite\/?page_id=20"},"modified":"2013-01-02T09:33:33","modified_gmt":"2013-01-02T09:33:33","slug":"hebergement","status":"publish","type":"page","link":"http:\/\/www.gite-beaufortain.com\/gite\/hebergement\/","title":{"rendered":"H\u00e9bergement"},"content":{"rendered":"<table style=\"height: 100%; ; width: 100%;\" border=\"0\" cellspacing=\"5\" cellpadding=\"5\" align=\"left\">\n<tbody>\n<tr>\n<td valign=\"top\" width=\"50%\">Du balcon, la vue sur le Mont Blanc et la vall\u00e9e est privil\u00e9gi\u00e9e !<\/p>\n<p>Le g\u00eete est accessible en voitures, un parking \u00e0 50 m\u00e8tres, vous permet de stationner votre v\u00e9hicule.<br \/>\nVous trouverez \u00e9galement plusieurs douches et sanitaires, 15 lits r\u00e9partis dans 2 grandes chambres mansard\u00e9es, un bon d\u00eener de tradition \u00e0 partager autour d&rsquo;une grande tabl\u00e9e,un copieux petit-d\u00e9jeuner pour commencer la journ\u00e9e, des paniers repas, des produits r\u00e9gionaux, des boissons, des go\u00fbters&#8230;<\/td>\n<td>\n\t\t<style type=\"text\/css\">\n\t\t\t#gallery-1 {\n\t\t\t\tmargin: auto;\n\t\t\t}\n\t\t\t#gallery-1 .gallery-item {\n\t\t\t\tfloat: left;\n\t\t\t\tmargin-top: 10px;\n\t\t\t\ttext-align: center;\n\t\t\t\twidth: 33%;\n\t\t\t}\n\t\t\t#gallery-1 img {\n\t\t\t\tborder: 2px solid #cfcfcf;\n\t\t\t}\n\t\t\t#gallery-1 .gallery-caption {\n\t\t\t\tmargin-left: 0;\n\t\t\t}\n\t\t\t\/* see gallery_shortcode() in wp-includes\/media.php *\/\n\t\t<\/style>\n\t\t<div id='gallery-1' class='gallery galleryid-20 gallery-columns-3 gallery-size-thumbnail'><dl class='gallery-item'>\n\t\t\t<dt class='gallery-icon landscape'>\n\t\t\t\t<a href='http:\/\/www.gite-beaufortain.com\/gite\/wp-content\/uploads\/2012\/04\/Salle-principale.jpg'><img width=\"120\" height=\"120\" src=\"http:\/\/www.gite-beaufortain.com\/gite\/wp-content\/uploads\/2012\/04\/Salle-principale-150x150.jpg\" class=\"attachment-thumbnail size-thumbnail\" alt=\"\" loading=\"lazy\" \/><\/a>\n\t\t\t<\/dt><\/dl><dl class='gallery-item'>\n\t\t\t<dt class='gallery-icon portrait'>\n\t\t\t\t<a href='http:\/\/www.gite-beaufortain.com\/gite\/wp-content\/uploads\/2012\/04\/Lavabo-et-douche-a-l\u00e9tage.jpg'><img width=\"120\" height=\"120\" src=\"http:\/\/www.gite-beaufortain.com\/gite\/wp-content\/uploads\/2012\/04\/Lavabo-et-douche-a-l\u00e9tage-150x150.jpg\" class=\"attachment-thumbnail size-thumbnail\" alt=\"\" loading=\"lazy\" \/><\/a>\n\t\t\t<\/dt><\/dl><dl class='gallery-item'>\n\t\t\t<dt class='gallery-icon landscape'>\n\t\t\t\t<a href='http:\/\/www.gite-beaufortain.com\/gite\/wp-content\/uploads\/2012\/04\/Salle-de-bain.jpg'><img width=\"120\" height=\"120\" src=\"http:\/\/www.gite-beaufortain.com\/gite\/wp-content\/uploads\/2012\/04\/Salle-de-bain-150x150.jpg\" class=\"attachment-thumbnail size-thumbnail\" alt=\"\" loading=\"lazy\" \/><\/a>\n\t\t\t<\/dt><\/dl><br style=\"clear: both\" \/><dl class='gallery-item'>\n\t\t\t<dt class='gallery-icon portrait'>\n\t\t\t\t<a href='http:\/\/www.gite-beaufortain.com\/gite\/wp-content\/uploads\/2012\/04\/Grande-chambre-de-8-couchages.jpg'><img width=\"120\" height=\"120\" src=\"http:\/\/www.gite-beaufortain.com\/gite\/wp-content\/uploads\/2012\/04\/Grande-chambre-de-8-couchages-150x150.jpg\" class=\"attachment-thumbnail size-thumbnail\" alt=\"\" loading=\"lazy\" \/><\/a>\n\t\t\t<\/dt><\/dl><dl class='gallery-item'>\n\t\t\t<dt class='gallery-icon portrait'>\n\t\t\t\t<a href='http:\/\/www.gite-beaufortain.com\/gite\/wp-content\/uploads\/2012\/04\/Couloir-\u00e0-l\u00e9tage.jpg'><img width=\"120\" height=\"120\" src=\"http:\/\/www.gite-beaufortain.com\/gite\/wp-content\/uploads\/2012\/04\/Couloir-\u00e0-l\u00e9tage-150x150.jpg\" class=\"attachment-thumbnail size-thumbnail\" alt=\"\" loading=\"lazy\" \/><\/a>\n\t\t\t<\/dt><\/dl><dl class='gallery-item'>\n\t\t\t<dt class='gallery-icon landscape'>\n\t\t\t\t<a href='http:\/\/www.gite-beaufortain.com\/gite\/wp-content\/uploads\/2012\/04\/2\u00e9me-Grande-chambre-de-8-couchages.jpg'><img width=\"120\" height=\"120\" src=\"http:\/\/www.gite-beaufortain.com\/gite\/wp-content\/uploads\/2012\/04\/2\u00e9me-Grande-chambre-de-8-couchages-150x150.jpg\" class=\"attachment-thumbnail size-thumbnail\" alt=\"\" loading=\"lazy\" \/><\/a>\n\t\t\t<\/dt><\/dl><br style=\"clear: both\" \/>\n\t\t<\/div>\n<\/td>\n<\/tr>\n<\/tbody>\n<\/table>\n","protected":false},"excerpt":{"rendered":"<p>Du balcon, la vue sur le Mont Blanc et la vall\u00e9e est privil\u00e9gi\u00e9e ! Le g\u00eete est accessible en voitures, un parking \u00e0 50 m\u00e8tres, vous permet de stationner votre v\u00e9hicule. Vous trouverez \u00e9galement plusieurs douches et sanitaires, 15 lits r\u00e9partis dans 2 grandes chambres mansard\u00e9es, un bon d\u00eener de tradition \u00e0 partager autour d&rsquo;une [&hellip;]<\/p>\n","protected":false},"author":1,"featured_media":0,"parent":0,"menu_order":0,"comment_status":"open","ping_status":"open","template":"","meta":[],"_links":{"self":[{"href":"http:\/\/www.gite-beaufortain.com\/gite\/wp-json\/wp\/v2\/pages\/20"}],"collection":[{"href":"http:\/\/www.gite-beaufortain.com\/gite\/wp-json\/wp\/v2\/pages"}],"about":[{"href":"http:\/\/www.gite-beaufortain.com\/gite\/wp-json\/wp\/v2\/types\/page"}],"author":[{"embeddable":true,"href":"http:\/\/www.gite-beaufortain.com\/gite\/wp-json\/wp\/v2\/users\/1"}],"replies":[{"embeddable":true,"href":"http:\/\/www.gite-beaufortain.com\/gite\/wp-json\/wp\/v2\/comments?post=20"}],"version-history":[{"count":19,"href":"http:\/\/www.gite-beaufortain.com\/gite\/wp-json\/wp\/v2\/pages\/20\/revisions"}],"predecessor-version":[{"id":147,"href":"http:\/\/www.gite-beaufortain.com\/gite\/wp-json\/wp\/v2\/pages\/20\/revisions\/147"}],"wp:attachment":[{"href":"http:\/\/www.gite-beaufortain.com\/gite\/wp-json\/wp\/v2\/media?parent=20"}],"curies":[{"name":"wp","href":"https:\/\/api.w.org\/{rel}","templated":true}]}}