{"id":180,"date":"2012-04-26T12:20:18","date_gmt":"2012-04-26T12:20:18","guid":{"rendered":"http:\/\/www.gite-beaufortain.com\/gite\/?page_id=180"},"modified":"2018-03-13T16:49:07","modified_gmt":"2018-03-13T16:49:07","slug":"activites","status":"publish","type":"page","link":"http:\/\/www.gite-beaufortain.com\/gite\/activites\/activites\/","title":{"rendered":"Activit\u00e9s"},"content":{"rendered":"<table style=\"width: 595px;\" border=\"0\" cellspacing=\"0\" cellpadding=\"4\">\n<tbody>\n<tr>\n<td colspan=\"6\" valign=\"TOP\">Le Beaufortain est un joli petit coin de France \u00e0 parcourir en long, en large et en travers.<br \/>\nToutes sortes d&rsquo;activit\u00e9s montagnardes sportives et\/ou culturelles y sont praticables\u00a0:<\/td>\n<\/tr>\n<tr>\n<td valign=\"MIDDLE\" width=\"19%\"><img loading=\"lazy\" src=\"http:\/\/www.gite-beaufortain.com\/gite\/images\/gif%20activite%20ete.gif\" alt=\"\" width=\"161\" height=\"121\" border=\"0\" \/><\/td>\n<td colspan=\"5\" valign=\"TOP\" width=\"81%\"><strong><strong><\/strong>L&rsquo;\u00c9TE\u00a0:<\/strong><br \/>\nVia ferrata, escalade, parapente et autres sports&#8230;<br \/>\nPromenades, sentiers \u00e0 th\u00e8mes (balis\u00e9s) \u00e0 pieds, \u00e0 cheval, en VTT suivant les possibilit\u00e9s&#8230;<br \/>\nLe Tour du Beaufortain, modulable selon son niveau, se r\u00e9alise en 6 \u00e0 10 jours de marche\u00a0.<\/td>\n<\/tr>\n<tr>\n<td colspan=\"5\" valign=\"TOP\" width=\"70%\"><strong>Tout pr\u00e8s du g\u00eete\u00a0:<\/strong><\/p>\n<p align=\"JUSTIFY\">Le sentier des Pointi\u00e8res, racontant, de pas en pas, le hameau de 1950 \u00e0 nos jours et la vie en alpages, au travers des po\u00e8mes d&rsquo;Henri Molliex, de ruines r\u00e9veill\u00e9es, de photos, d&rsquo;objets agraires expliqu\u00e9s et surtout un PANORAMA MAGNIFIQUE !!!<\/p>\n<\/td>\n<\/tr>\n<\/tbody>\n<\/table>\n<p><strong>Mais aussi :\u00a0<br \/>\nLe sentier forestier de l&rsquo;ONF, Les cupules pr\u00e9historiques du Mont Mirantin (2460m), La Roche Pourrie (2036m), Le Ch\u00e2teau de Cornillon (1020m), La Croix de Coste (1815m)&#8230;<\/p>\n","protected":false},"excerpt":{"rendered":"<p>Le Beaufortain est un joli petit coin de France \u00e0 parcourir en long, en large et en travers. Toutes sortes d&rsquo;activit\u00e9s montagnardes sportives et\/ou culturelles y sont praticables\u00a0: L&rsquo;\u00c9TE\u00a0: Via ferrata, escalade, parapente et autres sports&#8230; Promenades, sentiers \u00e0 th\u00e8mes (balis\u00e9s) \u00e0 pieds, \u00e0 cheval, en VTT suivant les possibilit\u00e9s&#8230; Le Tour du Beaufortain, modulable [&hellip;]<\/p>\n","protected":false},"author":1,"featured_media":0,"parent":24,"menu_order":0,"comment_status":"open","ping_status":"open","template":"page-activites.php","meta":[],"_links":{"self":[{"href":"http:\/\/www.gite-beaufortain.com\/gite\/wp-json\/wp\/v2\/pages\/180"}],"collection":[{"href":"http:\/\/www.gite-beaufortain.com\/gite\/wp-json\/wp\/v2\/pages"}],"about":[{"href":"http:\/\/www.gite-beaufortain.com\/gite\/wp-json\/wp\/v2\/types\/page"}],"author":[{"embeddable":true,"href":"http:\/\/www.gite-beaufortain.com\/gite\/wp-json\/wp\/v2\/users\/1"}],"replies":[{"embeddable":true,"href":"http:\/\/www.gite-beaufortain.com\/gite\/wp-json\/wp\/v2\/comments?post=180"}],"version-history":[{"count":13,"href":"http:\/\/www.gite-beaufortain.com\/gite\/wp-json\/wp\/v2\/pages\/180\/revisions"}],"predecessor-version":[{"id":304,"href":"http:\/\/www.gite-beaufortain.com\/gite\/wp-json\/wp\/v2\/pages\/180\/revisions\/304"}],"up":[{"embeddable":true,"href":"http:\/\/www.gite-beaufortain.com\/gite\/wp-json\/wp\/v2\/pages\/24"}],"wp:attachment":[{"href":"http:\/\/www.gite-beaufortain.com\/gite\/wp-json\/wp\/v2\/media?parent=180"}],"curies":[{"name":"wp","href":"https:\/\/api.w.org\/{rel}","templated":true}]}}