{"id":12,"date":"2012-04-24T12:31:21","date_gmt":"2012-04-24T12:31:21","guid":{"rendered":"http:\/\/www.gite-beaufortain.com\/gite\/?page_id=12"},"modified":"2021-06-14T09:05:48","modified_gmt":"2021-06-14T09:05:48","slug":"plan","status":"publish","type":"page","link":"http:\/\/www.gite-beaufortain.com\/gite\/plan\/","title":{"rendered":"Plan"},"content":{"rendered":"<table style=\"width: 100%;\">\n<tbody>\n<tr>\n<td width=\"50%\"><iframe src=\"http:\/\/maps.google.fr\/maps?hl=fr&amp;ie=UTF8&amp;ll=45.707696,6.461651&amp;spn=0.002109,0.004801&amp;t=h&amp;z=18&amp;output=embed\" width=\"430\" height=\"300\" frameborder=\"0\" marginwidth=\"0\" marginheight=\"0\" scrolling=\"no\"><\/iframe><br \/>\n<small><a style=\"color: #0000ff; text-align: left;\" href=\"http:\/\/maps.google.fr\/maps?hl=fr&amp;ie=UTF8&amp;ll=45.707696,6.461651&amp;spn=0.002109,0.004801&amp;t=h&amp;z=18&amp;source=embed\">Agrandir le plan<\/a><\/small><\/td>\n<td width=\"3%\"><\/td>\n<td valign=\"top\" width=\"47%\"><strong>Train :<\/strong><br \/>\nLa gare d&rsquo;Albertville, \u00e0 10 Km de Queige, est la gare d&rsquo;acc\u00e8s au Tour du Beaufortain.<\/p>\n<p><strong>Cars :<\/strong><br \/>\n&#8211; Albertville : gare routi\u00e8re pr\u00e8s de la gare SNCF<br \/>\n&#8211; Lignes journali\u00e8res matin et soir pour Queige : <a href=\"http:\/\/www.autocarsblanc.fr\/page3.html\" target=\"_blank\" rel=\"noopener\">transports blanc<\/a>. T\u00e9l : 04 79 38 10 50.<\/p>\n<p><a href=\"https:\/\/www.tra-mobilite.com\/wp-content\/uploads\/2021\/05\/Flyer-lignes-nature.pdf\">-https:\/\/www.tra-mobilite.com<\/a><\/p>\n<p><strong>La navette du g\u00eete<\/strong> (8 places) peut vous rendre service. Renseignez vous.<\/td>\n<\/tr>\n<\/tbody>\n<\/table>\n","protected":false},"excerpt":{"rendered":"<p>Agrandir le plan Train : La gare d&rsquo;Albertville, \u00e0 10 Km de Queige, est la gare d&rsquo;acc\u00e8s au Tour du Beaufortain. Cars : &#8211; Albertville : gare routi\u00e8re pr\u00e8s de la gare SNCF &#8211; Lignes journali\u00e8res matin et soir pour Queige : transports blanc. T\u00e9l : 04 79 38 10 50. -https:\/\/www.tra-mobilite.com La navette du [&hellip;]<\/p>\n","protected":false},"author":1,"featured_media":0,"parent":0,"menu_order":0,"comment_status":"open","ping_status":"open","template":"","meta":[],"_links":{"self":[{"href":"http:\/\/www.gite-beaufortain.com\/gite\/wp-json\/wp\/v2\/pages\/12"}],"collection":[{"href":"http:\/\/www.gite-beaufortain.com\/gite\/wp-json\/wp\/v2\/pages"}],"about":[{"href":"http:\/\/www.gite-beaufortain.com\/gite\/wp-json\/wp\/v2\/types\/page"}],"author":[{"embeddable":true,"href":"http:\/\/www.gite-beaufortain.com\/gite\/wp-json\/wp\/v2\/users\/1"}],"replies":[{"embeddable":true,"href":"http:\/\/www.gite-beaufortain.com\/gite\/wp-json\/wp\/v2\/comments?post=12"}],"version-history":[{"count":19,"href":"http:\/\/www.gite-beaufortain.com\/gite\/wp-json\/wp\/v2\/pages\/12\/revisions"}],"predecessor-version":[{"id":321,"href":"http:\/\/www.gite-beaufortain.com\/gite\/wp-json\/wp\/v2\/pages\/12\/revisions\/321"}],"wp:attachment":[{"href":"http:\/\/www.gite-beaufortain.com\/gite\/wp-json\/wp\/v2\/media?parent=12"}],"curies":[{"name":"wp","href":"https:\/\/api.w.org\/{rel}","templated":true}]}}