{"id":115,"date":"2012-04-25T14:37:39","date_gmt":"2012-04-25T14:37:39","guid":{"rendered":"http:\/\/www.gite-beaufortain.com\/gite\/?page_id=115"},"modified":"2012-04-26T11:58:24","modified_gmt":"2012-04-26T11:58:24","slug":"stations-de-ski","status":"publish","type":"page","link":"http:\/\/www.gite-beaufortain.com\/gite\/activites\/stations-de-ski\/","title":{"rendered":"Stations de ski"},"content":{"rendered":"<table style=\"width: 90%;\" align=\"center\">\n<tbody>\n<tr>\n<td align=\"center\" valign=\"middle\" width=\"33%\" height=\"30\"><strong>Les Saisies<\/strong><\/td>\n<td align=\"center\" valign=\"middle\" width=\"33%\"><strong>Ar\u00e8ches Beaufort<\/strong><\/td>\n<td align=\"center\" valign=\"middle\" width=\"33%\"><strong>Hauteluce<\/strong><\/td>\n<\/tr>\n<tr>\n<td align=\"center\" valign=\"middle\" width=\"33%\"><a href=\"http:\/\/www.lessaisies.com\/\" target=\"_blank\"><img src=\"http:\/\/www.gite-beaufortain.com\/auberge\/images\/LOGO_LES_SAISIES.png\" alt=\"\" width=\"150\" border=\"0\" \/><\/a><\/td>\n<td align=\"center\" valign=\"middle\" width=\"33%\"><a href=\"http:\/\/www.areches-beaufort.com\/\" target=\"_blank\"><img src=\"http:\/\/www.gite-beaufortain.com\/auberge\/images\/areche-beaufort.jpg\" alt=\"\" width=\"120\" border=\"0\" \/><\/a><\/td>\n<td align=\"center\" valign=\"middle\" width=\"33%\"><a href=\"http:\/\/www.mairie-hauteluce.fr\/\" target=\"_blank\"><img src=\"http:\/\/www.gite-beaufortain.com\/auberge\/images\/logo_hauteluce.png\" alt=\"\" width=\"88\" border=\"0\" \/><\/a><\/td>\n<\/tr>\n<tr>\n<td align=\"center\" valign=\"middle\" width=\"33%\" height=\"30\"><strong>15 kms<\/strong><\/td>\n<td align=\"center\" valign=\"middle\" width=\"33%\"><strong>12 kms<\/strong><\/td>\n<td align=\"center\" valign=\"middle\" width=\"33%\"><strong>15 kms<\/strong><\/td>\n<\/tr>\n<\/tbody>\n<\/table>\n<p><strong>Skibus gratuit<\/strong> en prenant un forfait pour les stations des Saisies ou Ar\u00e8ches Beaufort dans le bus (arr\u00eat\u00a0de Bus \u00ab\u00a0Pont Couvert\u00a0\u00bb ou face au stade sur la d935)\u00a0<a href=\"http:\/\/www.autocarsblanc.fr\/page3.html\" target=\"_blank\">transports blanc<\/a><\/p>\n","protected":false},"excerpt":{"rendered":"<p>Les Saisies Ar\u00e8ches Beaufort Hauteluce 15 kms 12 kms 15 kms Skibus gratuit en prenant un forfait pour les stations des Saisies ou Ar\u00e8ches Beaufort dans le bus (arr\u00eat\u00a0de Bus \u00ab\u00a0Pont Couvert\u00a0\u00bb ou face au stade sur la d935)\u00a0transports blanc<\/p>\n","protected":false},"author":1,"featured_media":0,"parent":24,"menu_order":5,"comment_status":"open","ping_status":"open","template":"page-activites.php","meta":[],"_links":{"self":[{"href":"http:\/\/www.gite-beaufortain.com\/gite\/wp-json\/wp\/v2\/pages\/115"}],"collection":[{"href":"http:\/\/www.gite-beaufortain.com\/gite\/wp-json\/wp\/v2\/pages"}],"about":[{"href":"http:\/\/www.gite-beaufortain.com\/gite\/wp-json\/wp\/v2\/types\/page"}],"author":[{"embeddable":true,"href":"http:\/\/www.gite-beaufortain.com\/gite\/wp-json\/wp\/v2\/users\/1"}],"replies":[{"embeddable":true,"href":"http:\/\/www.gite-beaufortain.com\/gite\/wp-json\/wp\/v2\/comments?post=115"}],"version-history":[{"count":4,"href":"http:\/\/www.gite-beaufortain.com\/gite\/wp-json\/wp\/v2\/pages\/115\/revisions"}],"predecessor-version":[{"id":174,"href":"http:\/\/www.gite-beaufortain.com\/gite\/wp-json\/wp\/v2\/pages\/115\/revisions\/174"}],"up":[{"embeddable":true,"href":"http:\/\/www.gite-beaufortain.com\/gite\/wp-json\/wp\/v2\/pages\/24"}],"wp:attachment":[{"href":"http:\/\/www.gite-beaufortain.com\/gite\/wp-json\/wp\/v2\/media?parent=115"}],"curies":[{"name":"wp","href":"https:\/\/api.w.org\/{rel}","templated":true}]}}