{"id":110,"date":"2012-04-25T14:34:01","date_gmt":"2012-04-25T14:34:01","guid":{"rendered":"http:\/\/www.gite-beaufortain.com\/gite\/?page_id=110"},"modified":"2013-05-16T17:15:03","modified_gmt":"2013-05-16T17:15:03","slug":"idees-de-randonnees","status":"publish","type":"page","link":"http:\/\/www.gite-beaufortain.com\/gite\/activites\/idees-de-randonnees\/","title":{"rendered":"Id\u00e9es de randonn\u00e9es"},"content":{"rendered":"<p>Le Beaufortain est le paradis des randonneurs !<br \/>\ndu d\u00e9butant au plus chevronn\u00e9<\/p>\n<div align=\"center\"><a href=\"http:\/\/www.gite-beaufortain.com\/auberge\/wp-content\/uploads\/2012\/04\/Carte-des-senriers.jpg\" rel=\"lightbox\"><img class=\"aligncenter size-medium wp-image-47\" title=\"Carte-des-senriers\" src=\"http:\/\/www.gite-beaufortain.com\/auberge\/wp-content\/uploads\/2012\/04\/Carte-des-senriers.jpg\" alt=\"\" width=\"480\" \/><\/a><a title=\"randos\" href=\"http:\/\/www.lebeaufortain.com\/admin\/files\/brochures\/212170620_Topo_BEAUFORTAIN_0712_LR4.pdf\" target=\"_blank\">Id\u00e9es de petites randonn\u00e9es<\/a><\/p>\n<\/div>\n","protected":false},"excerpt":{"rendered":"<p>Le Beaufortain est le paradis des randonneurs ! du d\u00e9butant au plus chevronn\u00e9 Id\u00e9es de petites randonn\u00e9es<\/p>\n","protected":false},"author":1,"featured_media":0,"parent":24,"menu_order":3,"comment_status":"open","ping_status":"open","template":"page-activites.php","meta":[],"_links":{"self":[{"href":"http:\/\/www.gite-beaufortain.com\/gite\/wp-json\/wp\/v2\/pages\/110"}],"collection":[{"href":"http:\/\/www.gite-beaufortain.com\/gite\/wp-json\/wp\/v2\/pages"}],"about":[{"href":"http:\/\/www.gite-beaufortain.com\/gite\/wp-json\/wp\/v2\/types\/page"}],"author":[{"embeddable":true,"href":"http:\/\/www.gite-beaufortain.com\/gite\/wp-json\/wp\/v2\/users\/1"}],"replies":[{"embeddable":true,"href":"http:\/\/www.gite-beaufortain.com\/gite\/wp-json\/wp\/v2\/comments?post=110"}],"version-history":[{"count":3,"href":"http:\/\/www.gite-beaufortain.com\/gite\/wp-json\/wp\/v2\/pages\/110\/revisions"}],"predecessor-version":[{"id":179,"href":"http:\/\/www.gite-beaufortain.com\/gite\/wp-json\/wp\/v2\/pages\/110\/revisions\/179"}],"up":[{"embeddable":true,"href":"http:\/\/www.gite-beaufortain.com\/gite\/wp-json\/wp\/v2\/pages\/24"}],"wp:attachment":[{"href":"http:\/\/www.gite-beaufortain.com\/gite\/wp-json\/wp\/v2\/media?parent=110"}],"curies":[{"name":"wp","href":"https:\/\/api.w.org\/{rel}","templated":true}]}}