{"id":106,"date":"2012-04-25T14:31:07","date_gmt":"2012-04-25T14:31:07","guid":{"rendered":"http:\/\/www.gite-beaufortain.com\/gite\/?page_id=106"},"modified":"2012-04-26T13:02:43","modified_gmt":"2012-04-26T13:02:43","slug":"tour-du-beaufortain","status":"publish","type":"page","link":"http:\/\/www.gite-beaufortain.com\/gite\/activites\/tour-du-beaufortain\/","title":{"rendered":"Tour du Beaufortain"},"content":{"rendered":"<p style=\"margin-bottom: 0pt;\">Proposition d&rsquo;itin\u00e9raire<\/p>\n<table style=\"width: 570px; font-size: 11px;\" border=\"1\" cellspacing=\"0\" cellpadding=\"0\">\n<tbody>\n<tr>\n<td align=\"center\" valign=\"middle\" width=\"25%\" height=\"30\"><strong>Etape<\/strong><\/td>\n<td align=\"center\" valign=\"middle\" width=\"25%\"><strong>D\u00e9part<\/strong><\/td>\n<td align=\"center\" valign=\"middle\" width=\"25%\"><strong>Arriv\u00e9e<\/strong><\/td>\n<td align=\"center\" valign=\"middle\" width=\"25%\"><strong>Temps<\/strong><\/td>\n<\/tr>\n<tr>\n<td align=\"center\" valign=\"middle\" height=\"40\">1er jour<\/td>\n<td align=\"center\" valign=\"middle\"><a href=\"http:\/\/www.gite-beaufortain.com\/gite\" target=\"_blank\">G\u00eete de Molliessoulaz<\/a><br \/>\n(06 30 10 34 56)<\/td>\n<td align=\"center\" valign=\"middle\"><a href=\"http:\/\/www.refugedulachat.com\/html\/page1.htm\" target=\"_blank\">Refuge du Lachat<\/a><br \/>\n(04 79 31 87 36)<\/td>\n<td align=\"center\" valign=\"middle\">7h30<\/td>\n<\/tr>\n<tr>\n<td align=\"center\" valign=\"middle\">2\u00e8me jour<\/td>\n<td align=\"center\" valign=\"middle\">Refuge du Lachat<\/td>\n<td align=\"center\" valign=\"middle\"><a href=\"http:\/\/laroselette.free.fr\/main.htm\" target=\"_blank\">Refuge de la Roselette<\/a><br \/>\n(04 50 47 13 31)<\/td>\n<td align=\"center\" valign=\"middle\">7h00<\/td>\n<\/tr>\n<tr>\n<td align=\"center\" valign=\"middle\">3\u00e8me jour<\/td>\n<td align=\"center\" valign=\"middle\">Refuge de la Roselette<\/td>\n<td align=\"center\" valign=\"middle\"><a href=\"http:\/\/lerefugedubonhomme.free.fr\/\" target=\"_blank\">Refuge de la croix du bonhomme<\/a><br \/>\n(04 79 07 05 28)<\/td>\n<td align=\"center\" valign=\"middle\">6h00<\/td>\n<\/tr>\n<tr>\n<td align=\"center\" valign=\"middle\" height=\"40\">4\u00e8me jour<\/td>\n<td align=\"center\" valign=\"middle\">Refuge de la croix du bonhomme<\/td>\n<td align=\"center\" valign=\"middle\"><a href=\"http:\/\/www.refuges.info\/point\/319\/refuge-garde\/beaufortain\/refuge-de-presset\/\" target=\"_blank\">Refuge de Presset<\/a><br \/>\n(06 87 54 09 18)<\/td>\n<td align=\"center\" valign=\"middle\">6h00<\/td>\n<\/tr>\n<tr>\n<td align=\"center\" valign=\"middle\" height=\"40\">5\u00e8me jour<\/td>\n<td align=\"center\" valign=\"middle\">Refuge de Presset<\/td>\n<td align=\"center\" valign=\"middle\"><a href=\"http:\/\/refugedelacoire.monsite-orange.fr\/\" target=\"_blank\">Refuge de la Coire<\/a><br \/>\n(04 79 09 70 92)<\/td>\n<td align=\"center\" valign=\"middle\">4h00<\/td>\n<\/tr>\n<tr>\n<td align=\"center\" valign=\"middle\">6\u00e8me jour<\/td>\n<td align=\"center\" valign=\"middle\">Refuge de la Coire<\/td>\n<td align=\"center\" valign=\"middle\"><a href=\"http:\/\/www.lesarolles.fr\/page3.html\" target=\"_blank\">Refuge des Arolles<\/a><br \/>\n(04 79 38 12 63)<\/td>\n<td align=\"center\" valign=\"middle\">6h30<\/td>\n<\/tr>\n<tr>\n<td align=\"center\" valign=\"middle\" height=\"30\">7\u00e8me jour<\/td>\n<td align=\"center\" valign=\"middle\">Refuge des Arolles<\/td>\n<td align=\"center\" valign=\"middle\"><a href=\"http:\/\/www.gite-beaufortain.com\/gite\" target=\"_blank\">G\u00eete de Molliessoulaz<\/a><\/td>\n<td align=\"center\" valign=\"middle\">5h00<\/td>\n<\/tr>\n<\/tbody>\n<\/table>\n<div align=\"center\"><\/div>\n<h3>Site du Tour du Beaufortain<\/h3>\n<p><a href=\"http:\/\/www.le-tour-du-beaufortain.fr\" target=\"_blank\">le-tour-du-beaufortain.fr<\/a><\/p>\n","protected":false},"excerpt":{"rendered":"<p>Proposition d&rsquo;itin\u00e9raire Etape D\u00e9part Arriv\u00e9e Temps 1er jour G\u00eete de Molliessoulaz (06 30 10 34 56) Refuge du Lachat (04 79 31 87 36) 7h30 2\u00e8me jour Refuge du Lachat Refuge de la Roselette (04 50 47 13 31) 7h00 3\u00e8me jour Refuge de la Roselette Refuge de la croix du bonhomme (04 79 07 [&hellip;]<\/p>\n","protected":false},"author":1,"featured_media":0,"parent":24,"menu_order":2,"comment_status":"open","ping_status":"open","template":"page-activites.php","meta":[],"_links":{"self":[{"href":"http:\/\/www.gite-beaufortain.com\/gite\/wp-json\/wp\/v2\/pages\/106"}],"collection":[{"href":"http:\/\/www.gite-beaufortain.com\/gite\/wp-json\/wp\/v2\/pages"}],"about":[{"href":"http:\/\/www.gite-beaufortain.com\/gite\/wp-json\/wp\/v2\/types\/page"}],"author":[{"embeddable":true,"href":"http:\/\/www.gite-beaufortain.com\/gite\/wp-json\/wp\/v2\/users\/1"}],"replies":[{"embeddable":true,"href":"http:\/\/www.gite-beaufortain.com\/gite\/wp-json\/wp\/v2\/comments?post=106"}],"version-history":[{"count":11,"href":"http:\/\/www.gite-beaufortain.com\/gite\/wp-json\/wp\/v2\/pages\/106\/revisions"}],"predecessor-version":[{"id":169,"href":"http:\/\/www.gite-beaufortain.com\/gite\/wp-json\/wp\/v2\/pages\/106\/revisions\/169"}],"up":[{"embeddable":true,"href":"http:\/\/www.gite-beaufortain.com\/gite\/wp-json\/wp\/v2\/pages\/24"}],"wp:attachment":[{"href":"http:\/\/www.gite-beaufortain.com\/gite\/wp-json\/wp\/v2\/media?parent=106"}],"curies":[{"name":"wp","href":"https:\/\/api.w.org\/{rel}","templated":true}]}}