{"id":4,"date":"2012-04-23T12:53:32","date_gmt":"2012-04-23T12:53:32","guid":{"rendered":"http:\/\/www.gite-beaufortain.com\/auberge\/?page_id=4"},"modified":"2012-04-24T06:27:16","modified_gmt":"2012-04-24T06:27:16","slug":"accueil","status":"publish","type":"page","link":"http:\/\/www.gite-beaufortain.com\/auberge\/","title":{"rendered":"Accueil"},"content":{"rendered":"<table width=\"92%\" align=\"center\">\n<tbody>\n<tr>\n<td width=\"34%\"><img src=\"http:\/\/www.gite-beaufortain.com\/auberge\/images\/Auberge-des-roches.png\" alt=\"\" width=\"262\" \/><\/td>\n<td width=\"66%\"><strong>Bonjour et bienvenue sur le site de l\u2019Auberge des Roches !<\/strong><\/p>\n<p><strong><\/strong><strong><\/strong>A la nuit\u00e9e, sur un week-end ou \u00e0 la semaine, notre b\u00e2tisse aux charmes authentiques peut vous \u00eatre utiles pour vos vacances ou retrouvailles, vos r\u00e9unions de travail ou l\u2019h\u00e9bergement de vos salari\u00e9s, ainsi que pour vos soir\u00e9es de f\u00eate (enterrements de vie de gar\u00e7on ou de jeune fille, mariages, anniversaires, r\u00e9veillons de No\u00ebl et jour de l\u2019an par exemple\u2026).<\/p>\n<p>Clubs, associations, entreprises, copains, familles ou individuels, n\u2019h\u00e9sitez pas \u00e0 nous contacter pour de plus amples informations. Nous nous ferons un plaisir de vous r\u00e9pondre !<\/td>\n<\/tr>\n<\/tbody>\n<\/table>\n","protected":false},"excerpt":{"rendered":"<p>Bonjour et bienvenue sur le site de l\u2019Auberge des Roches ! A la nuit\u00e9e, sur un week-end ou \u00e0 la semaine, notre b\u00e2tisse aux charmes authentiques peut vous \u00eatre utiles pour vos vacances ou retrouvailles, vos r\u00e9unions de travail ou l\u2019h\u00e9bergement de vos salari\u00e9s, ainsi que pour vos soir\u00e9es de f\u00eate (enterrements de vie de [&hellip;]<\/p>\n","protected":false},"author":1,"featured_media":0,"parent":0,"menu_order":0,"comment_status":"open","ping_status":"open","template":"","meta":[],"_links":{"self":[{"href":"http:\/\/www.gite-beaufortain.com\/auberge\/wp-json\/wp\/v2\/pages\/4"}],"collection":[{"href":"http:\/\/www.gite-beaufortain.com\/auberge\/wp-json\/wp\/v2\/pages"}],"about":[{"href":"http:\/\/www.gite-beaufortain.com\/auberge\/wp-json\/wp\/v2\/types\/page"}],"author":[{"embeddable":true,"href":"http:\/\/www.gite-beaufortain.com\/auberge\/wp-json\/wp\/v2\/users\/1"}],"replies":[{"embeddable":true,"href":"http:\/\/www.gite-beaufortain.com\/auberge\/wp-json\/wp\/v2\/comments?post=4"}],"version-history":[{"count":4,"href":"http:\/\/www.gite-beaufortain.com\/auberge\/wp-json\/wp\/v2\/pages\/4\/revisions"}],"predecessor-version":[{"id":6,"href":"http:\/\/www.gite-beaufortain.com\/auberge\/wp-json\/wp\/v2\/pages\/4\/revisions\/6"}],"wp:attachment":[{"href":"http:\/\/www.gite-beaufortain.com\/auberge\/wp-json\/wp\/v2\/media?parent=4"}],"curies":[{"name":"wp","href":"https:\/\/api.w.org\/{rel}","templated":true}]}}