{"id":30,"date":"2012-04-23T13:42:42","date_gmt":"2012-04-23T13:42:42","guid":{"rendered":"http:\/\/www.gite-beaufortain.com\/auberge\/?page_id=30"},"modified":"2013-12-01T09:47:41","modified_gmt":"2013-12-01T09:47:41","slug":"stations-de-ski","status":"publish","type":"page","link":"http:\/\/www.gite-beaufortain.com\/auberge\/activites\/stations-de-ski\/","title":{"rendered":"Stations de ski"},"content":{"rendered":"<table width=\"90%\" align=\"center\">\n<tbody>\n<tr>\n<td align=\"center\" valign=\"middle\" width=\"33%\" height=\"30\"><strong>Les Saisies<\/strong><\/td>\n<td align=\"center\" valign=\"middle\" width=\"33%\"><strong>Ar\u00e8ches Beaufort<\/strong><\/td>\n<td align=\"center\" valign=\"middle\" width=\"33%\"><strong>Hauteluce<\/strong><\/td>\n<\/tr>\n<tr>\n<td align=\"center\" valign=\"middle\" width=\"33%\"><a href=\"http:\/\/www.lessaisies.com\/\" target=\"_blank\"><img src=\"http:\/\/www.gite-beaufortain.com\/auberge\/images\/LOGO_LES_SAISIES.png\" alt=\"\" width=\"150\" border=\"0\" \/><\/a><\/td>\n<td align=\"center\" valign=\"middle\" width=\"33%\"><a href=\"http:\/\/www.areches-beaufort.com\/\" target=\"_blank\"><img src=\"http:\/\/www.gite-beaufortain.com\/auberge\/images\/areche-beaufort.jpg\" alt=\"\" width=\"120\" border=\"0\" \/><\/a><\/td>\n<td align=\"center\" valign=\"middle\" width=\"33%\"><a href=\"http:\/\/www.mairie-hauteluce.fr\/\" target=\"_blank\"><img src=\"http:\/\/www.gite-beaufortain.com\/auberge\/images\/logo_hauteluce.png\" alt=\"\" width=\"88\" border=\"0\" \/><\/a><\/td>\n<\/tr>\n<tr>\n<td align=\"center\" valign=\"middle\" width=\"33%\" height=\"30\"><strong>15 kms<\/strong><\/td>\n<td align=\"center\" valign=\"middle\" width=\"33%\"><strong>12 kms<\/strong><\/td>\n<td align=\"center\" valign=\"middle\" width=\"33%\"><strong>15 kms<\/strong><\/td>\n<\/tr>\n<\/tbody>\n<\/table>\n<p><strong>Skibus gratuit<\/strong> sur pr\u00e9sentation du forfait pour les stations des Saisies et Ar\u00e8ches Beaufort (arr\u00eat au rond point \u00e0 200 m\u00e8tres de \u00a0l&rsquo;auberge) <a href=\"http:\/\/www.autocarsblanc.fr\/page3.html\" target=\"_blank\">transports blanc<\/a><\/p>\n","protected":false},"excerpt":{"rendered":"<p>Les Saisies Ar\u00e8ches Beaufort Hauteluce 15 kms 12 kms 15 kms Skibus gratuit sur pr\u00e9sentation du forfait pour les stations des Saisies et Ar\u00e8ches Beaufort (arr\u00eat au rond point \u00e0 200 m\u00e8tres de \u00a0l&rsquo;auberge) transports blanc<\/p>\n","protected":false},"author":1,"featured_media":0,"parent":9,"menu_order":0,"comment_status":"open","ping_status":"open","template":"page-activites.php","meta":[],"_links":{"self":[{"href":"http:\/\/www.gite-beaufortain.com\/auberge\/wp-json\/wp\/v2\/pages\/30"}],"collection":[{"href":"http:\/\/www.gite-beaufortain.com\/auberge\/wp-json\/wp\/v2\/pages"}],"about":[{"href":"http:\/\/www.gite-beaufortain.com\/auberge\/wp-json\/wp\/v2\/types\/page"}],"author":[{"embeddable":true,"href":"http:\/\/www.gite-beaufortain.com\/auberge\/wp-json\/wp\/v2\/users\/1"}],"replies":[{"embeddable":true,"href":"http:\/\/www.gite-beaufortain.com\/auberge\/wp-json\/wp\/v2\/comments?post=30"}],"version-history":[{"count":3,"href":"http:\/\/www.gite-beaufortain.com\/auberge\/wp-json\/wp\/v2\/pages\/30\/revisions"}],"predecessor-version":[{"id":343,"href":"http:\/\/www.gite-beaufortain.com\/auberge\/wp-json\/wp\/v2\/pages\/30\/revisions\/343"}],"up":[{"embeddable":true,"href":"http:\/\/www.gite-beaufortain.com\/auberge\/wp-json\/wp\/v2\/pages\/9"}],"wp:attachment":[{"href":"http:\/\/www.gite-beaufortain.com\/auberge\/wp-json\/wp\/v2\/media?parent=30"}],"curies":[{"name":"wp","href":"https:\/\/api.w.org\/{rel}","templated":true}]}}