{"id":28,"date":"2012-04-23T13:41:37","date_gmt":"2012-04-23T13:41:37","guid":{"rendered":"http:\/\/www.gite-beaufortain.com\/auberge\/?page_id=28"},"modified":"2012-04-23T22:45:59","modified_gmt":"2012-04-23T22:45:59","slug":"ski-de-randonnees","status":"publish","type":"page","link":"http:\/\/www.gite-beaufortain.com\/auberge\/activites\/ski-de-randonnees\/","title":{"rendered":"Ski de randonn\u00e9es"},"content":{"rendered":"<div style=\" height:320px; overflow: auto; \">\n<ul>\n<li><a href=\"http:\/\/www.skitour.fr\/topos\/aiguille-croche,1730.html\">Aiguille Croche<\/a> (Versant S) &#8211; <em>Mont\u00e9e: direction NE par les pistes jusque 1650m, emprunter la route du Col Joly vers la gauche (se&#8230; <\/em><\/li>\n<li><a href=\"http:\/\/www.skitour.fr\/topos\/aiguille-croche,2026.html\">Aiguille Croche<\/a> (Voie Labonne Marin-Lamellet (face nord)) &#8211; <em>De l&rsquo;altiport de Meg\u00e8ve (T\u00e9l\u00e9si\u00e8ge du Radaz), partir sud-sud-est et se diriger vers une large et \u00e9vi&#8230; <\/em><\/li>\n<li><a href=\"http:\/\/www.skitour.fr\/topos\/aiguille-de-la-nova,1716.html\">Aiguille de la Nova<\/a> (tour) &#8211; <em>Des Pars, remonte le vallon de l&rsquo;Ormente jusqu&rsquo;au point 1863 (attention aux pentes chaudes et avalan&#8230; <\/em><\/li>\n<li><a href=\"http:\/\/www.skitour.fr\/topos\/aiguille-de-la-nova,3689.html\">Aiguille de la Nova<\/a> (Couloir sud : roulette russe) &#8211; <em>Suivre l&rsquo;itin\u00e9raire du col de la Nova. Pass\u00e9 le Gargan, au lieu de contourner par la droite l&rsquo;aiguil&#8230; <\/em><\/li>\n<li><a href=\"http:\/\/www.skitour.fr\/topos\/aiguille-de-la-pennaz,2957.html\">Aiguille de la Pennaz<\/a> (Triangle NE direct) &#8211; <em>De Notre dame de la gorge , suivre la voie romaine jusqu&rsquo;aux chalets de Balme. De l\u00e0, suivre en dire&#8230; <\/em><\/li>\n<li><a href=\"http:\/\/www.skitour.fr\/topos\/aiguille-de-praina,3669.html\">Aiguille de Praina<\/a> (Face Sud) &#8211; <em>Des Echines Dessus (se garer dans l&rsquo;\u00e9pingle), prendre plein nord soit par la piste qui serpente soit&#8230; <\/em><\/li>\n<li><a href=\"http:\/\/www.skitour.fr\/topos\/aiguille-de-roselette,1726.html\">Aiguille de Roselette<\/a> (Couloir N) &#8211; <em>Depuis Notre Dame de la Gorge, emprunter le chemin remontant les pistes sous les t\u00e9l\u00e9cabines de Monj&#8230; <\/em><\/li>\n<li><a href=\"http:\/\/www.skitour.fr\/topos\/aiguille-de-terrassin,1092.html\">Aiguille de Terrassin<\/a> (face Sud) &#8211; <em>Des Echines dessus (terminus de la route l&rsquo;hiver), prendre la piste qui d\u00e9marre dans l&rsquo;\u00e9pingle \u00e0 l&rsquo;e&#8230; <\/em><\/li>\n<li><a href=\"http:\/\/www.skitour.fr\/topos\/aiguille-du-grand-fond,1579.html\">Aiguille du Grand Fond<\/a> (Couloir NNW) &#8211; <em>Du Cormet (ou d\u00e9part \u00e9galement possible des chalets du Cormets), filer vers le SW pour remonter la c&#8230; <\/em><\/li>\n<li><a href=\"http:\/\/www.skitour.fr\/topos\/aiguille-du-grand-fond,1674.html\">Aiguille du Grand Fond<\/a> (Tour anti-horaire) &#8211; <em>Du refuge du Plan de la Laie, suivre le vallon de l&rsquo;Arpire en passant par le chalet \u00e0 la cote 2112m&#8230;. <\/em><\/li>\n<li><a href=\"http:\/\/www.skitour.fr\/topos\/aiguille-du-grand-fond,2199.html\">Aiguille du Grand Fond<\/a> (circuit de Parozan) &#8211; <em>Du Cormet de Roselend , gagner la combe de la Neuva par une travers\u00e9e, sans monter trop haut . Remon&#8230; <\/em><\/li>\n<li><a href=\"http:\/\/www.skitour.fr\/topos\/aiguille-du-grand-fond,2733.html\">Aiguille du Grand Fond<\/a> (couloir SW) &#8211; <em>Du parking suivre la route puis le sentier du col du Pr\u00e9. Au niveau du point 1727 si la neige porte &#8230; <\/em><\/li>\n<li><a href=\"http:\/\/www.skitour.fr\/topos\/aiguille-du-grand-fond,3023.html\">Aiguille du Grand Fond<\/a> (Circuit des cols) &#8211; <em>1er jour : Des Pars, emprunter l&rsquo;itin\u00e9raire classique jusqu&rsquo;au refuge de Presset. 2eme jour : Du &#8230; <\/em><\/li>\n<li><a href=\"http:\/\/www.skitour.fr\/topos\/breche-de-gargan,1404.html\">Br\u00e8che de Gargan<\/a> (couloir E) &#8211; <em>Des Pars, passer le Pont de la Gitte puis suivre la route en rive droite de l&rsquo;Ormente jusqu&rsquo;\u00e0 la cha&#8230; <\/em><\/li>\n<li><a href=\"http:\/\/www.skitour.fr\/topos\/col-de-la-charbonniere,1046.html\">Col de la Charbonni\u00e8re<\/a> (Versant S) &#8211; <em>Chausser en g\u00e9n\u00e9ral au foyer de ski de fond (route barr\u00e9e, grand parking). Itin\u00e9raire: Monter vers&#8230; <\/em><\/li>\n<li><a href=\"http:\/\/www.skitour.fr\/topos\/col-de-la-cicle,156.html\">Col de la Cicle<\/a> (Nord-Est) &#8211; <em>De Notre dame de la Gorge, remonter la voie romaine (direction du Col du Bonhomme). Passage souvent &#8230; <\/em><\/li>\n<li><a href=\"http:\/\/www.skitour.fr\/topos\/col-de-la-cicle,3359.html\">Col de la Cicle<\/a> (Tour de la T\u00eate de la cicle) &#8211; <em>&#8230; lpes du nord (Mont Blanc, Buet, Aiguilles Rouges, <strong>Beaufortain<\/strong>, Aravis, Bauges, combe de Savoie, Lauz&#8230; <\/em><\/li>\n<li><a href=\"http:\/\/www.skitour.fr\/topos\/col-de-la-fenetre,1220.html\">Col de la Fen\u00eatre<\/a> (Versant est) &#8211; <em>Suivre la voie romaine jusqu&rsquo;\u00e0 l&rsquo;entr\u00e9e du grand replat au-dessus de Nant-Borrant. Avant les Chalets&#8230; <\/em><\/li>\n<li><a href=\"http:\/\/www.skitour.fr\/topos\/col-de-la-fenetre,2379.html\">Col de la Fen\u00eatre<\/a> (Versant Ouest) &#8211; <em>Depuis le parking du t\u00e9l\u00e9cabine du Joly par la piste de ski jusqu&rsquo;au chalet de Colombe (1500m). Puis&#8230; <\/em><\/li>\n<li><a href=\"http:\/\/www.skitour.fr\/topos\/col-de-la-gittaz-circuit-des-3-cols,4408.html\">Col de la Gittaz, circuit des 3 cols<\/a> (Col de la fen\u00e8tre, de la Cicle, et de la Gittaz) &#8211; <em>Depuis le parking du t\u00e9l\u00e9cabine du Joly suivre la piste de ski jusqu&rsquo;au chalet de Colombe (1500m). R&#8230; <\/em><\/li>\n<li><a href=\"http:\/\/www.skitour.fr\/topos\/col-des-chasseurs,611.html\">Col des Chasseurs<\/a> (Couloir Nord) &#8211; <em>De Notre Dame de la Gorge prendre la voie Romaine, direction Nant Borrant et poursuivre jusqu\u2019\u00e0 la B&#8230; <\/em><\/li>\n<li><a href=\"http:\/\/www.skitour.fr\/topos\/col-du-grand-fond,1581.html\">Col du Grand Fond<\/a> (normale) &#8211; <em>Se garer entre la Fauge et le Gollet, environ 1,5 Km \u00e0 l&rsquo;E avant le Cormet de Roselend. Remonter la&#8230; <\/em><\/li>\n<li><a href=\"http:\/\/www.skitour.fr\/topos\/col-du-grand-fond,2055.html\">Col du Grand Fond<\/a> (travers\u00e9e Hauteluce -&gt; Ar\u00eaches) &#8211; <em>[i]J1 : Hauteluce &gt; Col de la Fen\u00eatre &gt; Col du Bonhomme &gt; Col de la Saulce &gt; Refuge du P&#8230; <\/em><\/li>\n<li><a href=\"http:\/\/www.skitour.fr\/topos\/col-du-grand-fond,2744.html\">Col du Grand Fond<\/a> (en boucle par le Mont Rosset) &#8211; <em>Du foyer de ski de fond, traverser le Pont de la Gitte et remonter en rive gauche du torrent de la P&#8230; <\/em><\/li>\n<li><a href=\"http:\/\/www.skitour.fr\/topos\/cret-du-rey,998.html\">Cr\u00eat du Rey<\/a> (en boucle par la Pointe de Combe B\u00e9nite) &#8211; <em>Prendre le sentier au bout du t\u00e9l\u00e9ski, tourner au 1er chemin \u00e0 gauche. Sortir sur les pistes, puis d&#8230; <\/em><\/li>\n<li><a href=\"http:\/\/www.skitour.fr\/topos\/cret-du-rey,1682.html\">Cr\u00eat du Rey<\/a> (par la Pes\u00e9e) &#8211; <em>De l&rsquo;\u00e9pingle de l&rsquo;oratoire (pt 1308) suivre la route foresti\u00e8re qui conduit \u00e0 la Pes\u00e9e (1767 m). Con&#8230; <\/em><\/li>\n<li><a href=\"http:\/\/www.skitour.fr\/topos\/cret-du-rey,3310.html\">Cr\u00eat du Rey<\/a> (Face E) &#8211; <em>Du parking du t\u00e9l\u00e9ski de la Chavonne, remonter la (longue) route du Cormet d&rsquo;Ar\u00eaches, par les chalet&#8230; <\/em><\/li>\n<li><a href=\"http:\/\/www.skitour.fr\/topos\/cret-du-rey,4051.html\">Cr\u00eat du Rey<\/a> (Couloir Nord en boucle) &#8211; <em>Du Mappa , aller au Cormet d&rsquo;Ar\u00eaches par la route (en coupant les lacets). Prendre plein Sud via le &#8230; <\/em><\/li>\n<li><a href=\"http:\/\/www.skitour.fr\/topos\/croix-d-outray,919.html\">Croix d&rsquo;Outray<\/a> (Normale) &#8211; <em>Des Pr\u00e9s (antenne), remonter N en direction des derniers chalets puis suivre la limite de la for\u00eat p&#8230; <\/em><\/li>\n<li><a href=\"http:\/\/www.skitour.fr\/topos\/croix-de-dormiaz,3800.html\">Croix de Dormiaz<\/a> (Par la For\u00eat de T\u00eataz Bonnaz) &#8211; <em>Du Daru suivre sur la route de la fen\u00eatre 7 jusqu&rsquo;a une clairi\u00e8re. De la emprunter l&rsquo;un des nombreux&#8230; <\/em><\/li>\n<li><a href=\"http:\/\/www.skitour.fr\/topos\/croix-de-la-bagnaz,1030.html\">Croix de la Bagnaz<\/a> (versant ouest) &#8211; <em>De Grand Naves prendre le sentier partant vers le Nord-Est (tour du Beaufortin) menant au chalet de &#8230; <\/em><\/li>\n<li><a href=\"http:\/\/www.skitour.fr\/topos\/deux-antoines,1386.html\">Deux Antoines<\/a> (depuis les Echines-dessus) &#8211; <em>Des Echines Dessus suivre la piste \u00e0 plat en direction du pont sur le torrent Charbonnet, la suivre &#8230; <\/em><\/li>\n<li><a href=\"http:\/\/www.skitour.fr\/topos\/grand-cretet,2562.html\">Grand Cr\u00e9tet<\/a> (Par le Nant du Beurre) &#8211; <em>Depuis Grand Naves suivre le sentier du Tour du <strong>Beaufortain<\/strong> (il monte r\u00e9guli\u00e8rement et sans lacet in&#8230; <\/em><\/li>\n<li><a href=\"http:\/\/www.skitour.fr\/topos\/grand-mont-d-areches,106.html\">Grand Mont d&rsquo;Ar\u00eaches<\/a> (depuis Ar\u00eaches) &#8211; <em>Remonter les pistes en partant du bas du t\u00e9l\u00e9si\u00e8ge du grand mont jusqu&rsquo;au col de la Forclaz (2374m)&#8230;. <\/em><\/li>\n<li><a href=\"http:\/\/www.skitour.fr\/topos\/grand-mont-d-areches,341.html\">Grand Mont d&rsquo;Ar\u00eaches<\/a> (Combe Nord) &#8211; <em>Remonter un chemin en rive droite du ruisseau du Grand Mont pour d\u00e9boucher sur une combe N puis NE d&#8230; <\/em><\/li>\n<li><a href=\"http:\/\/www.skitour.fr\/topos\/grand-mont-d-areches,519.html\">Grand Mont d&rsquo;Ar\u00eaches<\/a> (Versant est) &#8211; <em>Remonter la route enneig\u00e9e jusqu&rsquo;au lac de Saint Guerin (on peut couper la premi\u00e8re \u00e9pingle). Traver&#8230; <\/em><\/li>\n<li><a href=\"http:\/\/www.skitour.fr\/topos\/grand-mont-d-areches,1950.html\">Grand Mont d&rsquo;Ar\u00eaches<\/a> (Grand huit de Comborsier) &#8211; <em>D&rsquo;Ar\u00eaches remonter les pistes ou prendre les remont\u00e9es (4) jusqu&rsquo;\u00e0 2300 (\u00e0 proximit\u00e9 du col de la Fo&#8230; <\/em><\/li>\n<li><a href=\"http:\/\/www.skitour.fr\/topos\/grand-mont-d-areches,4577.html\">Grand Mont d&rsquo;Ar\u00eaches<\/a> (Pointe de Comborsier) &#8211; <em>Du Chornais, remonter la piste qui va en direction des Perches, prendre \u00e0 droite le chemin qui remon&#8230; <\/em><\/li>\n<li><a href=\"http:\/\/www.skitour.fr\/topos\/grande-parei-sommet-central,2808.html\">Grande Parei &#8211; Sommet Central<\/a> (La rampe et l&rsquo;entonnoir) &#8211; <em>D\u00e9but d&rsquo;itin\u00e9raire identique \u00e0 celui du Roc de la Charbonni\u00e8re ou le Mont Coin depuis Granier : Du &#8230; <\/em><\/li>\n<li><a href=\"http:\/\/www.skitour.fr\/topos\/grande-parei-sommet-central,4312.html\">Grande Parei &#8211; Sommet Central<\/a> (Couloir Est) &#8211; <em>Mont\u00e9e: Des Pars &gt; Pr\u00e9 Pinet &gt; Chapelle St Bernab\u00e9 &gt; Vallon de la Portette. Vers 2200m, ob&#8230; <\/em><\/li>\n<li><a href=\"http:\/\/www.skitour.fr\/topos\/grande-pointe-de-bizard,1758.html\">Grande Pointe de Bizard<\/a> (en boucle depuis Ar\u00eaches) &#8211; <em>De la Serraz (pied des pistes), prendre \u00e9venutuellement un forfait pi\u00e9ton (1 ou 2 remont\u00e9es m\u00e9caniqu&#8230; <\/em><\/li>\n<li><a href=\"http:\/\/www.skitour.fr\/topos\/grande-pointe-de-bizard,1841.html\">Grande Pointe de Bizard<\/a> (Versant SE) &#8211; <em>&#8230; . Ensuite prendre la route foresti\u00e8re NW (tour du <strong>Beaufortain<\/strong>) jusqu&rsquo;au col 1700m. De l\u00e0 tirer vers &#8230; <\/em><\/li>\n<li><a href=\"http:\/\/www.skitour.fr\/topos\/grande-pointe-de-bizard,4638.html\">Grande Pointe de Bizard<\/a> (couloir N) &#8211; <em>Prendre la route foresti\u00e8re puis suivre la pancarte \u00ab\u00a0couloir du Grant Nant\u00a0\u00bb. Au bout de 30&#8230; <\/em><\/li>\n<li><a href=\"http:\/\/www.skitour.fr\/topos\/l-alpette,3274.html\">l&rsquo;Alpette<\/a> (Versant NW) &#8211; <em>Depuis les Granges, monter \u00e0 travers les alpages, SE. On vient buter sur la for\u00eat, traverser le ruis&#8230; <\/em><\/li>\n<li><a href=\"http:\/\/www.skitour.fr\/topos\/la-commanderie,3292.html\">La Commanderie<\/a> (Normale) &#8211; <em>Du parking des Granges (1150m), se diriger vers l&rsquo;Est et rejoindre les chalets de La Montaz Bas (140&#8230; <\/em><\/li>\n<li><a href=\"http:\/\/www.skitour.fr\/topos\/la-legette-du-grand-mont,2544.html\">La L\u00e9gette du Grand Mont<\/a> (versant E) &#8211; <em>1) Mont\u00e9e en ski : Du parking de la station, remonter la piste sous le t\u00e9l\u00e9si\u00e8ge de Propolay, puis s&#8230; <\/em><\/li>\n<li><a href=\"http:\/\/www.skitour.fr\/topos\/la-roche-pourrie,940.html\">La Roche Pourrie<\/a> (combe Nord Est) &#8211; <em>&#8230; te et prendre plein S le chemin balis\u00e9 du tour du <strong>Beaufortain<\/strong> jusqu&rsquo;au chalet \u00ab\u00a0les Chappes&amp;quot&#8230; <\/em><\/li>\n<li><a href=\"http:\/\/www.skitour.fr\/topos\/la-roche-pourrie,3559.html\">La Roche Pourrie<\/a> (versant W) &#8211; <em>Depuis le Fort du Mont, suivre la route puis le chemin forestier (en coupant par le sentier balis\u00e9) &#8230; <\/em><\/li>\n<li><a href=\"http:\/\/www.skitour.fr\/topos\/la-roche-pourrie,3631.html\">La Roche Pourrie<\/a> (Couloir W) &#8211; <em>Comme pour le versant N jusqu&rsquo;aux Chappes, puis en direction du chalet du Haut du Pr\u00e9 (1697m) Avant &#8230; <\/em><\/li>\n<li><a href=\"http:\/\/www.skitour.fr\/topos\/le-grand-chatelet-epaule-sud,124.html\">Le Grand Ch\u00e2telet (\u00e9paule sud)<\/a> (versant sud) &#8211; <em>Se diriger vers les pentes au-dessus du village, tirer plut\u00f4t \u00e0 gauche pour rejoindre un pont sur un&#8230; <\/em><\/li>\n<\/ul>\n<\/div>\n","protected":false},"excerpt":{"rendered":"<p>Aiguille Croche (Versant S) &#8211; Mont\u00e9e: direction NE par les pistes jusque 1650m, emprunter la route du Col Joly vers la gauche (se&#8230; Aiguille Croche (Voie Labonne Marin-Lamellet (face nord)) &#8211; De l&rsquo;altiport de Meg\u00e8ve (T\u00e9l\u00e9si\u00e8ge du Radaz), partir sud-sud-est et se diriger vers une large et \u00e9vi&#8230; Aiguille de la Nova (tour) &#8211; Des [&hellip;]<\/p>\n","protected":false},"author":1,"featured_media":0,"parent":9,"menu_order":0,"comment_status":"open","ping_status":"open","template":"page-activites.php","meta":[],"_links":{"self":[{"href":"http:\/\/www.gite-beaufortain.com\/auberge\/wp-json\/wp\/v2\/pages\/28"}],"collection":[{"href":"http:\/\/www.gite-beaufortain.com\/auberge\/wp-json\/wp\/v2\/pages"}],"about":[{"href":"http:\/\/www.gite-beaufortain.com\/auberge\/wp-json\/wp\/v2\/types\/page"}],"author":[{"embeddable":true,"href":"http:\/\/www.gite-beaufortain.com\/auberge\/wp-json\/wp\/v2\/users\/1"}],"replies":[{"embeddable":true,"href":"http:\/\/www.gite-beaufortain.com\/auberge\/wp-json\/wp\/v2\/comments?post=28"}],"version-history":[{"count":4,"href":"http:\/\/www.gite-beaufortain.com\/auberge\/wp-json\/wp\/v2\/pages\/28\/revisions"}],"predecessor-version":[{"id":96,"href":"http:\/\/www.gite-beaufortain.com\/auberge\/wp-json\/wp\/v2\/pages\/28\/revisions\/96"}],"up":[{"embeddable":true,"href":"http:\/\/www.gite-beaufortain.com\/auberge\/wp-json\/wp\/v2\/pages\/9"}],"wp:attachment":[{"href":"http:\/\/www.gite-beaufortain.com\/auberge\/wp-json\/wp\/v2\/media?parent=28"}],"curies":[{"name":"wp","href":"https:\/\/api.w.org\/{rel}","templated":true}]}}