{"id":24,"date":"2012-04-23T13:40:55","date_gmt":"2012-04-23T13:40:55","guid":{"rendered":"http:\/\/www.gite-beaufortain.com\/auberge\/?page_id=24"},"modified":"2018-05-26T10:14:03","modified_gmt":"2018-05-26T10:14:03","slug":"tour-du-beaufortain","status":"publish","type":"page","link":"http:\/\/www.gite-beaufortain.com\/auberge\/activites\/tour-du-beaufortain\/","title":{"rendered":"Tour du Beaufortain"},"content":{"rendered":"<p style=\"margin-bottom: 0pt;\">Proposition d&rsquo;itin\u00e9raire<\/p>\n<table border=\"1\" width=\"480\" cellspacing=\"0\" cellpadding=\"0\">\n<tbody>\n<tr>\n<td align=\"center\" valign=\"middle\" width=\"25%\" height=\"30\"><strong>Etape<\/strong><\/td>\n<td align=\"center\" valign=\"middle\" width=\"25%\"><strong>D\u00e9part<\/strong><\/td>\n<td align=\"center\" valign=\"middle\" width=\"25%\"><strong>Arriv\u00e9e<\/strong><\/td>\n<td align=\"center\" valign=\"middle\" width=\"25%\"><strong>Temps<\/strong><\/td>\n<\/tr>\n<tr>\n<td align=\"center\" valign=\"middle\" height=\"40\">1er jour<\/td>\n<td align=\"center\" valign=\"middle\"><a href=\"http:\/\/www.gite-beaufortain.com\/gite\" target=\"_blank\" rel=\"noopener\">G\u00eete de Molliessoulaz<\/a><br \/>\n(06 30 10 34 56)<\/td>\n<td align=\"center\" valign=\"middle\"><a href=\"http:\/\/www.refugedulachat.com\/html\/page1.htm\" target=\"_blank\" rel=\"noopener\">Refuge du Lachat<\/a><br \/>\n(04 79 31 87 36)<\/td>\n<td align=\"center\" valign=\"middle\">7h30<\/td>\n<\/tr>\n<tr>\n<td align=\"center\" valign=\"middle\">2\u00e8me jour<\/td>\n<td align=\"center\" valign=\"middle\">Refuge du Lachat<\/td>\n<td align=\"center\" valign=\"middle\"><a href=\"http:\/\/laroselette.free.fr\/main.htm\" target=\"_blank\" rel=\"noopener\">Refuge de la Roselette<\/a><br \/>\n(04 50 47 13 31)<\/td>\n<td align=\"center\" valign=\"middle\">7h00<\/td>\n<\/tr>\n<tr>\n<td align=\"center\" valign=\"middle\">3\u00e8me jour<\/td>\n<td align=\"center\" valign=\"middle\">Refuge de la Roselette<\/td>\n<td align=\"center\" valign=\"middle\"><a href=\"http:\/\/lerefugedubonhomme.free.fr\/\" target=\"_blank\" rel=\"noopener\">Refuge de la croix du bonhomme<\/a>(04 79 07 05 28)<\/td>\n<td align=\"center\" valign=\"middle\">6h00<\/td>\n<\/tr>\n<tr>\n<td align=\"center\" valign=\"middle\" height=\"40\">4\u00e8me jour<\/td>\n<td align=\"center\" valign=\"middle\">Refuge de la croix du bonhomme<\/td>\n<td align=\"center\" valign=\"middle\"><a href=\"http:\/\/refugedepresset.ffcam.fr\/\" target=\"_blank\" rel=\"noopener\">Refuge de Presset<\/a>(06 87 54 09 18)<\/td>\n<td align=\"center\" valign=\"middle\">6h00<\/td>\n<\/tr>\n<tr>\n<td align=\"center\" valign=\"middle\" height=\"40\">5\u00e8me jour<\/td>\n<td align=\"center\" valign=\"middle\">Refuge de Presset<\/td>\n<td align=\"center\" valign=\"middle\"><a href=\"http:\/\/refugedelacoire.monsite-orange.fr\/\" target=\"_blank\" rel=\"noopener\">Refuge de la Coire<\/a>(04 79 09 70 92)<\/td>\n<td align=\"center\" valign=\"middle\">4h00<\/td>\n<\/tr>\n<tr>\n<td align=\"center\" valign=\"middle\">6\u00e8me jour<\/td>\n<td align=\"center\" valign=\"middle\">Refuge de la Coire<\/td>\n<td align=\"center\" valign=\"middle\"><a href=\"https:\/\/lesarolles.org\" target=\"_blank\" rel=\"noopener\">Refuge des Arolles<\/a>(04 79 38 12 63)<\/td>\n<td align=\"center\" valign=\"middle\">6h30<\/td>\n<\/tr>\n<tr>\n<td align=\"center\" valign=\"middle\" height=\"30\">7\u00e8me jour<\/td>\n<td align=\"center\" valign=\"middle\">Refuge des Arolles<\/td>\n<td align=\"center\" valign=\"middle\"><a href=\"http:\/\/www.gite-beaufortain.com\/gite\" target=\"_blank\" rel=\"noopener\">G\u00eete de Molliessoulaz<\/a><\/td>\n<td align=\"center\" valign=\"middle\">5h00<\/td>\n<\/tr>\n<\/tbody>\n<\/table>\n<div align=\"center\"><a href=\"http:\/\/www.gite-beaufortain.com\/auberge\/wp-content\/uploads\/2012\/04\/plan-tour-beaufortain.png\" rel=\"lightbox\"><img loading=\"lazy\" class=\"wp-image-88 alignleft\" title=\"plan-tour-beaufortain\" src=\"http:\/\/www.gite-beaufortain.com\/auberge\/wp-content\/uploads\/2012\/04\/plan-tour-beaufortain.png\" alt=\"\" width=\"266\" height=\"73\" srcset=\"http:\/\/www.gite-beaufortain.com\/auberge\/wp-content\/uploads\/2012\/04\/plan-tour-beaufortain.png 709w, http:\/\/www.gite-beaufortain.com\/auberge\/wp-content\/uploads\/2012\/04\/plan-tour-beaufortain-300x82.png 300w\" sizes=\"(max-width: 266px) 100vw, 266px\" \/><\/a><\/div>\n<div align=\"center\"><a href=\"http:\/\/www.gite-beaufortain.com\/auberge\/wp-content\/uploads\/2012\/04\/tour-beaufortain.jpg\" rel=\"lightbox\">Carte du tour du beaufortain<\/a>\u00a0 &#8211;\u00a0 <a href=\"http:\/\/www.gite-beaufortain.com\/auberge\/wp-content\/uploads\/2012\/04\/sitraLOI588030_39334_tour-du-beaufortain.pdf\">tour-du-beaufortain en pdf<\/a><\/div>\n","protected":false},"excerpt":{"rendered":"<p>Proposition d&rsquo;itin\u00e9raire Etape D\u00e9part Arriv\u00e9e Temps 1er jour G\u00eete de Molliessoulaz (06 30 10 34 56) Refuge du Lachat (04 79 31 87 36) 7h30 2\u00e8me jour Refuge du Lachat Refuge de la Roselette (04 50 47 13 31) 7h00 3\u00e8me jour Refuge de la Roselette Refuge de la croix du bonhomme(04 79 07 05 [&hellip;]<\/p>\n","protected":false},"author":1,"featured_media":0,"parent":9,"menu_order":0,"comment_status":"open","ping_status":"open","template":"page-activites.php","meta":[],"_links":{"self":[{"href":"http:\/\/www.gite-beaufortain.com\/auberge\/wp-json\/wp\/v2\/pages\/24"}],"collection":[{"href":"http:\/\/www.gite-beaufortain.com\/auberge\/wp-json\/wp\/v2\/pages"}],"about":[{"href":"http:\/\/www.gite-beaufortain.com\/auberge\/wp-json\/wp\/v2\/types\/page"}],"author":[{"embeddable":true,"href":"http:\/\/www.gite-beaufortain.com\/auberge\/wp-json\/wp\/v2\/users\/1"}],"replies":[{"embeddable":true,"href":"http:\/\/www.gite-beaufortain.com\/auberge\/wp-json\/wp\/v2\/comments?post=24"}],"version-history":[{"count":14,"href":"http:\/\/www.gite-beaufortain.com\/auberge\/wp-json\/wp\/v2\/pages\/24\/revisions"}],"predecessor-version":[{"id":362,"href":"http:\/\/www.gite-beaufortain.com\/auberge\/wp-json\/wp\/v2\/pages\/24\/revisions\/362"}],"up":[{"embeddable":true,"href":"http:\/\/www.gite-beaufortain.com\/auberge\/wp-json\/wp\/v2\/pages\/9"}],"wp:attachment":[{"href":"http:\/\/www.gite-beaufortain.com\/auberge\/wp-json\/wp\/v2\/media?parent=24"}],"curies":[{"name":"wp","href":"https:\/\/api.w.org\/{rel}","templated":true}]}}