{"id":181,"date":"2012-04-24T07:43:52","date_gmt":"2012-04-24T07:43:52","guid":{"rendered":"http:\/\/www.gite-beaufortain.com\/auberge\/?page_id=181"},"modified":"2016-02-03T08:39:41","modified_gmt":"2016-02-03T08:39:41","slug":"exterieur","status":"publish","type":"page","link":"http:\/\/www.gite-beaufortain.com\/auberge\/hebergement\/exterieur\/","title":{"rendered":"L&rsquo;ext\u00e9rieur"},"content":{"rendered":"<p><a href=\"http:\/\/www.gite-beaufortain.com\/auberge\/wp-content\/uploads\/2012\/04\/Auberge-toiture-termin\u00e9.jpg\" rel=\"attachment wp-att-350\"><img loading=\"lazy\" class=\"aligncenter  wp-image-350\" src=\"http:\/\/www.gite-beaufortain.com\/auberge\/wp-content\/uploads\/2012\/04\/Auberge-toiture-termin\u00e9.jpg\" alt=\"Auberge toiture termin\u00e9\" width=\"455\" height=\"341\" srcset=\"http:\/\/www.gite-beaufortain.com\/auberge\/wp-content\/uploads\/2012\/04\/Auberge-toiture-termin\u00e9.jpg 1600w, http:\/\/www.gite-beaufortain.com\/auberge\/wp-content\/uploads\/2012\/04\/Auberge-toiture-termin\u00e9-300x225.jpg 300w, http:\/\/www.gite-beaufortain.com\/auberge\/wp-content\/uploads\/2012\/04\/Auberge-toiture-termin\u00e9-768x576.jpg 768w, http:\/\/www.gite-beaufortain.com\/auberge\/wp-content\/uploads\/2012\/04\/Auberge-toiture-termin\u00e9-1024x768.jpg 1024w, http:\/\/www.gite-beaufortain.com\/auberge\/wp-content\/uploads\/2012\/04\/Auberge-toiture-termin\u00e9-250x188.jpg 250w\" sizes=\"(max-width: 455px) 100vw, 455px\" \/><\/a><\/p>\n<p>Vous avez la possibilit\u00e9 de garer vos v\u00e9hicules soit de\u00a0chaque\u00a0cot\u00e9s de l&rsquo;auberge, \u00a0soit de l&rsquo;autre cot\u00e9 de la route d\u00e9partementale face au b\u00e2timent.<\/p>\n","protected":false},"excerpt":{"rendered":"<p>Vous avez la possibilit\u00e9 de garer vos v\u00e9hicules soit de\u00a0chaque\u00a0cot\u00e9s de l&rsquo;auberge, \u00a0soit de l&rsquo;autre cot\u00e9 de la route d\u00e9partementale face au b\u00e2timent.<\/p>\n","protected":false},"author":1,"featured_media":0,"parent":7,"menu_order":0,"comment_status":"open","ping_status":"open","template":"page-activites.php","meta":[],"_links":{"self":[{"href":"http:\/\/www.gite-beaufortain.com\/auberge\/wp-json\/wp\/v2\/pages\/181"}],"collection":[{"href":"http:\/\/www.gite-beaufortain.com\/auberge\/wp-json\/wp\/v2\/pages"}],"about":[{"href":"http:\/\/www.gite-beaufortain.com\/auberge\/wp-json\/wp\/v2\/types\/page"}],"author":[{"embeddable":true,"href":"http:\/\/www.gite-beaufortain.com\/auberge\/wp-json\/wp\/v2\/users\/1"}],"replies":[{"embeddable":true,"href":"http:\/\/www.gite-beaufortain.com\/auberge\/wp-json\/wp\/v2\/comments?post=181"}],"version-history":[{"count":13,"href":"http:\/\/www.gite-beaufortain.com\/auberge\/wp-json\/wp\/v2\/pages\/181\/revisions"}],"predecessor-version":[{"id":351,"href":"http:\/\/www.gite-beaufortain.com\/auberge\/wp-json\/wp\/v2\/pages\/181\/revisions\/351"}],"up":[{"embeddable":true,"href":"http:\/\/www.gite-beaufortain.com\/auberge\/wp-json\/wp\/v2\/pages\/7"}],"wp:attachment":[{"href":"http:\/\/www.gite-beaufortain.com\/auberge\/wp-json\/wp\/v2\/media?parent=181"}],"curies":[{"name":"wp","href":"https:\/\/api.w.org\/{rel}","templated":true}]}}