{"id":11,"date":"2012-04-23T13:10:08","date_gmt":"2012-04-23T13:10:08","guid":{"rendered":"http:\/\/www.gite-beaufortain.com\/auberge\/?page_id=11"},"modified":"2022-09-12T08:17:27","modified_gmt":"2022-09-12T08:17:27","slug":"tarifs","status":"publish","type":"page","link":"http:\/\/www.gite-beaufortain.com\/auberge\/tarifs\/","title":{"rendered":"Tarifs"},"content":{"rendered":"<h2>Semaine:<\/h2>\n<table border=\"1\" width=\"98%\" cellspacing=\"0\" cellpadding=\"0\">\n<tbody>\n<tr>\n<td align=\"center\" width=\"20%\"><strong>D\u00e9c Janv F\u00e9v<\/strong><\/td>\n<td align=\"center\" width=\"20%\"><strong>Mars Avril<\/strong><\/td>\n<td align=\"center\" width=\"20%\"><strong>Mai Juin<\/strong><\/td>\n<td align=\"center\" width=\"20%\"><strong>Juillet Aout<\/strong><\/td>\n<td align=\"center\" width=\"20%\"><strong>Sept Oct Nov<\/strong><\/td>\n<\/tr>\n<tr>\n<td align=\"center\" height=\"40\">\n<h3><strong>1500\u20ac<\/strong><\/h3>\n<\/td>\n<td align=\"center\">\n<h3><strong>1000\u20ac<\/strong><\/h3>\n<\/td>\n<td align=\"center\">\n<h3><strong>700\u20ac<\/strong><\/h3>\n<\/td>\n<td align=\"center\">\n<h3><strong>1000\u20ac<\/strong><\/h3>\n<\/td>\n<td align=\"center\">\n<h3><strong>600\u20ac<\/strong><\/h3>\n<\/td>\n<\/tr>\n<\/tbody>\n<\/table>\n<h2>Nuit\u00e9e:<\/h2>\n<h3><strong>20\u20ac\/pers\/nuits<\/strong><\/h3>\n<h2>Week-end:<\/h2>\n<h3><strong>\u00a0300\u20ac\u00a0 (hors saison, vacances, jour de l&rsquo;an, no\u00ebl&#8230;)<\/strong><br \/>\n<strong>Arriv\u00e9e vendredi soir \/ samedi \/ remise des cl\u00e9s dimanche midi.<\/strong><\/h3>\n<div align=\"center\"><strong>Pour toute demande particuli\u00e8re, n&rsquo;h\u00e9sitez pas \u00e0 me contacter.<\/strong><\/div>\n","protected":false},"excerpt":{"rendered":"<p>Semaine: D\u00e9c Janv F\u00e9v Mars Avril Mai Juin Juillet Aout Sept Oct Nov 1500\u20ac 1000\u20ac 700\u20ac 1000\u20ac 600\u20ac Nuit\u00e9e: 20\u20ac\/pers\/nuits Week-end: \u00a0300\u20ac\u00a0 (hors saison, vacances, jour de l&rsquo;an, no\u00ebl&#8230;) Arriv\u00e9e vendredi soir \/ samedi \/ remise des cl\u00e9s dimanche midi. Pour toute demande particuli\u00e8re, n&rsquo;h\u00e9sitez pas \u00e0 me contacter.<\/p>\n","protected":false},"author":1,"featured_media":0,"parent":0,"menu_order":0,"comment_status":"open","ping_status":"open","template":"","meta":[],"_links":{"self":[{"href":"http:\/\/www.gite-beaufortain.com\/auberge\/wp-json\/wp\/v2\/pages\/11"}],"collection":[{"href":"http:\/\/www.gite-beaufortain.com\/auberge\/wp-json\/wp\/v2\/pages"}],"about":[{"href":"http:\/\/www.gite-beaufortain.com\/auberge\/wp-json\/wp\/v2\/types\/page"}],"author":[{"embeddable":true,"href":"http:\/\/www.gite-beaufortain.com\/auberge\/wp-json\/wp\/v2\/users\/1"}],"replies":[{"embeddable":true,"href":"http:\/\/www.gite-beaufortain.com\/auberge\/wp-json\/wp\/v2\/comments?post=11"}],"version-history":[{"count":12,"href":"http:\/\/www.gite-beaufortain.com\/auberge\/wp-json\/wp\/v2\/pages\/11\/revisions"}],"predecessor-version":[{"id":365,"href":"http:\/\/www.gite-beaufortain.com\/auberge\/wp-json\/wp\/v2\/pages\/11\/revisions\/365"}],"wp:attachment":[{"href":"http:\/\/www.gite-beaufortain.com\/auberge\/wp-json\/wp\/v2\/media?parent=11"}],"curies":[{"name":"wp","href":"https:\/\/api.w.org\/{rel}","templated":true}]}}